{"id":3704,"date":"2023-11-30T19:33:12","date_gmt":"2023-11-30T16:33:12","guid":{"rendered":"https:\/\/denizpacking.com\/?page_id=3704"},"modified":"2023-12-31T15:17:58","modified_gmt":"2023-12-31T12:17:58","slug":"quality","status":"publish","type":"page","link":"https:\/\/denizpacking.com\/tr\/quality\/","title":{"rendered":"Kalite"},"content":{"rendered":"\t\t<div data-elementor-type=\"wp-page\" data-elementor-id=\"3704\" class=\"elementor elementor-3704\" data-elementor-post-type=\"page\">\n\t\t\t\t\t\t<section class=\"elementor-section elementor-top-section elementor-element elementor-element-7080556 elementor-section-full_width elementor-section-height-default elementor-section-height-default\" data-id=\"7080556\" data-element_type=\"section\">\n\t\t\t\t\t\t<div class=\"elementor-container elementor-column-gap-no\">\n\t\t\t\t\t<div class=\"elementor-column elementor-col-100 elementor-top-column elementor-element elementor-element-f9e9682\" data-id=\"f9e9682\" data-element_type=\"column\">\n\t\t\t<div class=\"elementor-widget-wrap elementor-element-populated\">\n\t\t\t\t\t\t<div class=\"elementor-element elementor-element-b528fe7 elementor-align-left elementor-widget elementor-widget-bdevs-banner\" data-id=\"b528fe7\" data-element_type=\"widget\" data-widget_type=\"bdevs-banner.default\">\n\t\t\t\t<div class=\"elementor-widget-container\">\n\t\t\t\t\t\r\n        <section class=\"page-title\" style=\"background: url(http:\/\/denizpacking.com\/wp-content\/uploads\/2023\/11\/header_deniz_packing_2.png) center center no-repeat local;\">\r\n            <div class=\"container\">\r\n                <div class=\"row\">\r\n                    <div class=\"col col-xs-12\">\r\n                        <div class=\"title-breadcrumb\">\r\n                        \t                            <h2>Kalite<\/h2>\r\n                                                        <ol class=\"breadcrumb\">\r\n                                <li><a href=\"https:\/\/denizpacking.com\/tr\/\">Home<\/a><\/li>\r\n                                <li>Kalite<\/li>\r\n                            <\/ol>\r\n                        <\/div>\r\n                    <\/div>\r\n                <\/div> <!-- end row -->\r\n            <\/div> <!-- end container -->\r\n        <\/section>\r\n\t\t\t<\/div>\n\t\t\t\t<\/div>\n\t\t\t\t\t<\/div>\n\t\t<\/div>\n\t\t\t\t\t<\/div>\n\t\t<\/section>\n\t\t\t\t<section class=\"elementor-section elementor-top-section elementor-element elementor-element-3d791252 elementor-section-content-bottom elementor-section-boxed elementor-section-height-default elementor-section-height-default\" data-id=\"3d791252\" data-element_type=\"section\" data-settings=\"{&quot;background_background&quot;:&quot;classic&quot;}\">\n\t\t\t\t\t\t\t<div class=\"elementor-background-overlay\"><\/div>\n\t\t\t\t\t\t\t<div class=\"elementor-container elementor-column-gap-default\">\n\t\t\t\t\t<div class=\"elementor-column elementor-col-50 elementor-top-column elementor-element elementor-element-5caa8d3a\" data-id=\"5caa8d3a\" data-element_type=\"column\">\n\t\t\t<div class=\"elementor-widget-wrap elementor-element-populated\">\n\t\t\t\t\t\t<div class=\"elementor-element elementor-element-5320529 animated-slow elementor-invisible elementor-widget elementor-widget-heading\" data-id=\"5320529\" data-element_type=\"widget\" data-settings=\"{&quot;_animation&quot;:&quot;fadeIn&quot;,&quot;_animation_delay&quot;:600}\" data-widget_type=\"heading.default\">\n\t\t\t\t<div class=\"elementor-widget-container\">\n\t\t\t<h2 class=\"elementor-heading-title elementor-size-default\">Kalite<\/h2>\t\t<\/div>\n\t\t\t\t<\/div>\n\t\t\t\t<div class=\"elementor-element elementor-element-347695a6 elementor-invisible elementor-widget elementor-widget-text-editor\" data-id=\"347695a6\" data-element_type=\"widget\" data-settings=\"{&quot;_animation_delay&quot;:600,&quot;_animation&quot;:&quot;fadeInUp&quot;}\" data-widget_type=\"text-editor.default\">\n\t\t\t\t<div class=\"elementor-widget-container\">\n\t\t\t\t\t\t\t<p>Denizpacking \u00fcr\u00fcnleri uluslararas\u0131 standartlara uygun olarak gran\u00fclden nihai \u00fcr\u00fcne kadar titizlikle kalite kontrol\u00fcnden ge\u00e7irilmektedir. Tesislerimiz ISO 9001:2000 kalite y\u00f6netim sistemine akredite edilmi\u015ftir. T\u00fcm \u00fcr\u00fcnlerimiz, dayan\u0131kl\u0131l\u0131\u011f\u0131 ve t\u00fcketicilerin g\u00fcvenli\u011fini garanti etmek i\u00e7in \u00e7e\u015fitli testlere tabi tutulmaktad\u0131r. Denizpacking&#8217;in t\u00fcm g\u0131da \u00fcretim tesisleri, \u00fcr\u00fcnlerimizin ola\u011fan\u00fcst\u00fc hijyen standartlar\u0131n\u0131 kar\u015f\u0131lad\u0131\u011f\u0131ndan emin olmak i\u00e7in HACCP (Tehlike Analizi ve Kritik Kontrol Noktalar\u0131), BRC \/ IoP (British Retail Consortium \/ Institute of Packaging) veya AIB (American Institute of Baking) sertifikal\u0131d\u0131r.<\/p><p>Makine park\u0131m\u0131zdan, belirlenmi\u015f prosed\u00fcrlerden ve \u00f6zverili uzman personelimizden gurur duyuyoruz. Bu varl\u0131klar\u0131n birle\u015fimi, m\u00fc\u015fterilerimize tam olarak ihtiya\u00e7lar\u0131na uygun en y\u00fcksek kalitede \u00fcr\u00fcnleri garanti eder<\/p>\t\t\t\t\t\t<\/div>\n\t\t\t\t<\/div>\n\t\t\t\t\t<\/div>\n\t\t<\/div>\n\t\t\t\t<div class=\"elementor-column elementor-col-50 elementor-top-column elementor-element elementor-element-7ffe394c\" data-id=\"7ffe394c\" data-element_type=\"column\">\n\t\t\t<div class=\"elementor-widget-wrap elementor-element-populated\">\n\t\t\t\t\t\t<div class=\"elementor-element elementor-element-3f45506 elementor-invisible elementor-widget elementor-widget-image\" data-id=\"3f45506\" data-element_type=\"widget\" data-settings=\"{&quot;_animation&quot;:&quot;fadeIn&quot;,&quot;_animation_delay&quot;:600}\" data-widget_type=\"image.default\">\n\t\t\t\t<div class=\"elementor-widget-container\">\n\t\t\t\t\t\t\t\t\t\t\t\t\t<img fetchpriority=\"high\" decoding=\"async\" width=\"300\" height=\"300\" src=\"https:\/\/denizpacking.com\/tr\/wp-content\/uploads\/sites\/2\/2023\/12\/quality-300x300.png\" class=\"attachment-medium size-medium wp-image-3874\" alt=\"\" srcset=\"https:\/\/denizpacking.com\/tr\/wp-content\/uploads\/sites\/2\/2023\/12\/quality-300x300.png 300w, https:\/\/denizpacking.com\/tr\/wp-content\/uploads\/sites\/2\/2023\/12\/quality-150x150.png 150w, https:\/\/denizpacking.com\/tr\/wp-content\/uploads\/sites\/2\/2023\/12\/quality-768x768.png 768w, https:\/\/denizpacking.com\/tr\/wp-content\/uploads\/sites\/2\/2023\/12\/quality.png 1000w\" sizes=\"(max-width: 300px) 100vw, 300px\" \/>\t\t\t\t\t\t\t\t\t\t\t\t\t<\/div>\n\t\t\t\t<\/div>\n\t\t\t\t\t<\/div>\n\t\t<\/div>\n\t\t\t\t\t<\/div>\n\t\t<\/section>\n\t\t\t\t<section class=\"elementor-section elementor-top-section elementor-element elementor-element-853520e elementor-section-content-bottom elementor-section-boxed elementor-section-height-default elementor-section-height-default\" data-id=\"853520e\" data-element_type=\"section\" data-settings=\"{&quot;background_background&quot;:&quot;classic&quot;}\">\n\t\t\t\t\t\t\t<div class=\"elementor-background-overlay\"><\/div>\n\t\t\t\t\t\t\t<div class=\"elementor-container elementor-column-gap-default\">\n\t\t\t\t\t<div class=\"elementor-column elementor-col-50 elementor-top-column elementor-element elementor-element-cc7414c\" data-id=\"cc7414c\" data-element_type=\"column\">\n\t\t\t<div class=\"elementor-widget-wrap elementor-element-populated\">\n\t\t\t\t\t\t<div class=\"elementor-element elementor-element-ca3fc50 animated-slow elementor-invisible elementor-widget elementor-widget-heading\" data-id=\"ca3fc50\" data-element_type=\"widget\" data-settings=\"{&quot;_animation&quot;:&quot;fadeIn&quot;,&quot;_animation_delay&quot;:600}\" data-widget_type=\"heading.default\">\n\t\t\t\t<div class=\"elementor-widget-container\">\n\t\t\t<h2 class=\"elementor-heading-title elementor-size-default\">\u0130ZLENEB\u0130L\u0130RL\u0130K\n<\/h2>\t\t<\/div>\n\t\t\t\t<\/div>\n\t\t\t\t<div class=\"elementor-element elementor-element-342c786 elementor-invisible elementor-widget elementor-widget-text-editor\" data-id=\"342c786\" data-element_type=\"widget\" data-settings=\"{&quot;_animation_delay&quot;:600,&quot;_animation&quot;:&quot;fadeInUp&quot;}\" data-widget_type=\"text-editor.default\">\n\t\t\t\t<div class=\"elementor-widget-container\">\n\t\t\t\t\t\t\t<p class=\"font_8\">Olas\u0131 bir \u00fcretim hatas\u0131 durumunda Denizpacking, \u00fcretim s\u00fcrecinin ba\u015f\u0131ndan itibaren, hammaddeden ba\u015flayarak sorunu tan\u0131mlamak i\u00e7in geri izleme yapabilir. Kalite g\u00fcvence sisteminin izlenebilirlik \u00f6zelli\u011fini kullanarak, tesislerdeki t\u00fcm uyumsuz \u00fcr\u00fcnler \u00f6zel y\u00f6ntemlerle i\u015faretlenir. Herhangi bir uyumsuzluk derhal d\u00fczeltilir ve sorunu d\u00fczeltmek i\u00e7in gerekli \u00f6nlemler uygulan\u0131r<\/p>\t\t\t\t\t\t<\/div>\n\t\t\t\t<\/div>\n\t\t\t\t\t<\/div>\n\t\t<\/div>\n\t\t\t\t<div class=\"elementor-column elementor-col-50 elementor-top-column elementor-element elementor-element-1040ebd\" data-id=\"1040ebd\" data-element_type=\"column\">\n\t\t\t<div class=\"elementor-widget-wrap elementor-element-populated\">\n\t\t\t\t\t\t<div class=\"elementor-element elementor-element-9edc3d7 elementor-invisible elementor-widget elementor-widget-image\" data-id=\"9edc3d7\" data-element_type=\"widget\" data-settings=\"{&quot;_animation&quot;:&quot;fadeIn&quot;,&quot;_animation_delay&quot;:600}\" data-widget_type=\"image.default\">\n\t\t\t\t<div class=\"elementor-widget-container\">\n\t\t\t\t\t\t\t\t\t\t\t\t\t<img decoding=\"async\" width=\"300\" height=\"300\" src=\"https:\/\/denizpacking.com\/tr\/wp-content\/uploads\/sites\/2\/2023\/12\/TRACEABILITY-2-300x300.png\" class=\"attachment-medium size-medium wp-image-3877\" alt=\"\" srcset=\"https:\/\/denizpacking.com\/tr\/wp-content\/uploads\/sites\/2\/2023\/12\/TRACEABILITY-2-300x300.png 300w, https:\/\/denizpacking.com\/tr\/wp-content\/uploads\/sites\/2\/2023\/12\/TRACEABILITY-2-150x150.png 150w, https:\/\/denizpacking.com\/tr\/wp-content\/uploads\/sites\/2\/2023\/12\/TRACEABILITY-2-768x768.png 768w, https:\/\/denizpacking.com\/tr\/wp-content\/uploads\/sites\/2\/2023\/12\/TRACEABILITY-2.png 1000w\" sizes=\"(max-width: 300px) 100vw, 300px\" \/>\t\t\t\t\t\t\t\t\t\t\t\t\t<\/div>\n\t\t\t\t<\/div>\n\t\t\t\t\t<\/div>\n\t\t<\/div>\n\t\t\t\t\t<\/div>\n\t\t<\/section>\n\t\t\t\t<section class=\"elementor-section elementor-top-section elementor-element elementor-element-b4e2b67 elementor-section-content-bottom elementor-section-boxed elementor-section-height-default elementor-section-height-default\" data-id=\"b4e2b67\" data-element_type=\"section\" data-settings=\"{&quot;background_background&quot;:&quot;classic&quot;}\">\n\t\t\t\t\t\t\t<div class=\"elementor-background-overlay\"><\/div>\n\t\t\t\t\t\t\t<div class=\"elementor-container elementor-column-gap-default\">\n\t\t\t\t\t<div class=\"elementor-column elementor-col-50 elementor-top-column elementor-element elementor-element-75fb609\" data-id=\"75fb609\" data-element_type=\"column\">\n\t\t\t<div class=\"elementor-widget-wrap elementor-element-populated\">\n\t\t\t\t\t\t<div class=\"elementor-element elementor-element-0653478 animated-slow elementor-invisible elementor-widget elementor-widget-heading\" data-id=\"0653478\" data-element_type=\"widget\" data-settings=\"{&quot;_animation&quot;:&quot;fadeIn&quot;,&quot;_animation_delay&quot;:600}\" data-widget_type=\"heading.default\">\n\t\t\t\t<div class=\"elementor-widget-container\">\n\t\t\t<h2 class=\"elementor-heading-title elementor-size-default\">Kalite Anahtard\u0131r<\/h2>\t\t<\/div>\n\t\t\t\t<\/div>\n\t\t\t\t<div class=\"elementor-element elementor-element-c5eacb6 elementor-invisible elementor-widget elementor-widget-text-editor\" data-id=\"c5eacb6\" data-element_type=\"widget\" data-settings=\"{&quot;_animation_delay&quot;:600,&quot;_animation&quot;:&quot;fadeInUp&quot;}\" data-widget_type=\"text-editor.default\">\n\t\t\t\t<div class=\"elementor-widget-container\">\n\t\t\t\t\t\t\t<p class=\"font_8\">Denizpacking olarak, Torban\u0131z\u0131n kalitesinin en \u00fcst \u00f6ncelik oldu\u011funu biliyoruz. Bir FIBC ar\u0131zas\u0131 nedeniyle \u00fcr\u00fcn kayb\u0131, herhangi bir m\u00fc\u015fterinin istemedi\u011fi ve s\u0131ras\u0131yla m\u00fc\u015fterilerimiz i\u00e7in istedi\u011fimiz son \u015feydir. Denizpacking olarak her sat\u0131\u015fa \u00e7\u0131kard\u0131\u011f\u0131m\u0131z Bigbaglerin kalite kontrol personelimiz ve test merkezimiz taraf\u0131ndan incelenip onayland\u0131\u011f\u0131ndan emin olmak i\u00e7in kaliteye b\u00fcy\u00fck \u00f6nem veriyoruz. Bu ekip, deneyimli m\u00fchendislerin y\u00f6nlendirmesi alt\u0131nda \u00e7al\u0131\u015fmaktad\u0131r<\/p>\t\t\t\t\t\t<\/div>\n\t\t\t\t<\/div>\n\t\t\t\t<div class=\"elementor-element elementor-element-caf5a7e elementor-invisible elementor-widget elementor-widget-text-editor\" data-id=\"caf5a7e\" data-element_type=\"widget\" data-settings=\"{&quot;_animation_delay&quot;:600,&quot;_animation&quot;:&quot;fadeInUp&quot;}\" data-widget_type=\"text-editor.default\">\n\t\t\t\t<div class=\"elementor-widget-container\">\n\t\t\t\t\t\t\t<p class=\"font_8\"><strong>T\u00fcm testler, onaylanm\u0131\u015f test laboratuvarlar\u0131 i\u00e7in gereklilikleri kar\u015f\u0131layan veya a\u015fan tam donan\u0131ml\u0131 bir laboratuvarda ger\u00e7ekle\u015ftirilir. Test parametreleri \u015funlar\u0131 i\u00e7erir<\/strong><\/p>\t\t\t\t\t\t<\/div>\n\t\t\t\t<\/div>\n\t\t\t\t<div class=\"elementor-element elementor-element-c4d9e1a elementor-icon-list--layout-traditional elementor-list-item-link-full_width elementor-invisible elementor-widget elementor-widget-icon-list\" data-id=\"c4d9e1a\" data-element_type=\"widget\" data-settings=\"{&quot;_animation&quot;:&quot;fadeIn&quot;,&quot;_animation_delay&quot;:600}\" data-widget_type=\"icon-list.default\">\n\t\t\t\t<div class=\"elementor-widget-container\">\n\t\t\t\t\t<ul class=\"elementor-icon-list-items\">\n\t\t\t\t\t\t\t<li class=\"elementor-icon-list-item\">\n\t\t\t\t\t\t\t\t\t\t\t<span class=\"elementor-icon-list-icon\">\n\t\t\t\t\t\t\t<svg aria-hidden=\"true\" class=\"e-font-icon-svg e-far-dot-circle\" viewBox=\"0 0 512 512\" xmlns=\"http:\/\/www.w3.org\/2000\/svg\"><path d=\"M256 56c110.532 0 200 89.451 200 200 0 110.532-89.451 200-200 200-110.532 0-200-89.451-200-200 0-110.532 89.451-200 200-200m0-48C119.033 8 8 119.033 8 256s111.033 248 248 248 248-111.033 248-248S392.967 8 256 8zm0 168c-44.183 0-80 35.817-80 80s35.817 80 80 80 80-35.817 80-80-35.817-80-80-80z\"><\/path><\/svg>\t\t\t\t\t\t<\/span>\n\t\t\t\t\t\t\t\t\t\t<span class=\"elementor-icon-list-text\">Denye<\/span>\n\t\t\t\t\t\t\t\t\t<\/li>\n\t\t\t\t\t\t\t\t<li class=\"elementor-icon-list-item\">\n\t\t\t\t\t\t\t\t\t\t\t<span class=\"elementor-icon-list-icon\">\n\t\t\t\t\t\t\t<svg aria-hidden=\"true\" class=\"e-font-icon-svg e-far-dot-circle\" viewBox=\"0 0 512 512\" xmlns=\"http:\/\/www.w3.org\/2000\/svg\"><path d=\"M256 56c110.532 0 200 89.451 200 200 0 110.532-89.451 200-200 200-110.532 0-200-89.451-200-200 0-110.532 89.451-200 200-200m0-48C119.033 8 8 119.033 8 256s111.033 248 248 248 248-111.033 248-248S392.967 8 256 8zm0 168c-44.183 0-80 35.817-80 80s35.817 80 80 80 80-35.817 80-80-35.817-80-80-80z\"><\/path><\/svg>\t\t\t\t\t\t<\/span>\n\t\t\t\t\t\t\t\t\t\t<span class=\"elementor-icon-list-text\">Kuma\u015f a\u011f\u0131rl\u0131\u011f\u0131 (GSM)<\/span>\n\t\t\t\t\t\t\t\t\t<\/li>\n\t\t\t\t\t\t\t\t<li class=\"elementor-icon-list-item\">\n\t\t\t\t\t\t\t\t\t\t\t<span class=\"elementor-icon-list-icon\">\n\t\t\t\t\t\t\t<svg aria-hidden=\"true\" class=\"e-font-icon-svg e-far-dot-circle\" viewBox=\"0 0 512 512\" xmlns=\"http:\/\/www.w3.org\/2000\/svg\"><path d=\"M256 56c110.532 0 200 89.451 200 200 0 110.532-89.451 200-200 200-110.532 0-200-89.451-200-200 0-110.532 89.451-200 200-200m0-48C119.033 8 8 119.033 8 256s111.033 248 248 248 248-111.033 248-248S392.967 8 256 8zm0 168c-44.183 0-80 35.817-80 80s35.817 80 80 80 80-35.817 80-80-35.817-80-80-80z\"><\/path><\/svg>\t\t\t\t\t\t<\/span>\n\t\t\t\t\t\t\t\t\t\t<span class=\"elementor-icon-list-text\">\u0130plik a\u011f\u0131rl\u0131\u011f\u0131 (GPD)<\/span>\n\t\t\t\t\t\t\t\t\t<\/li>\n\t\t\t\t\t\t\t\t<li class=\"elementor-icon-list-item\">\n\t\t\t\t\t\t\t\t\t\t\t<span class=\"elementor-icon-list-icon\">\n\t\t\t\t\t\t\t<svg aria-hidden=\"true\" class=\"e-font-icon-svg e-far-dot-circle\" viewBox=\"0 0 512 512\" xmlns=\"http:\/\/www.w3.org\/2000\/svg\"><path d=\"M256 56c110.532 0 200 89.451 200 200 0 110.532-89.451 200-200 200-110.532 0-200-89.451-200-200 0-110.532 89.451-200 200-200m0-48C119.033 8 8 119.033 8 256s111.033 248 248 248 248-111.033 248-248S392.967 8 256 8zm0 168c-44.183 0-80 35.817-80 80s35.817 80 80 80 80-35.817 80-80-35.817-80-80-80z\"><\/path><\/svg>\t\t\t\t\t\t<\/span>\n\t\t\t\t\t\t\t\t\t\t<span class=\"elementor-icon-list-text\">\u0130plik ve kuma\u015f\u0131n \u00e7ekme dayan\u0131m\u0131<\/span>\n\t\t\t\t\t\t\t\t\t<\/li>\n\t\t\t\t\t\t\t\t<li class=\"elementor-icon-list-item\">\n\t\t\t\t\t\t\t\t\t\t\t<span class=\"elementor-icon-list-icon\">\n\t\t\t\t\t\t\t<svg aria-hidden=\"true\" class=\"e-font-icon-svg e-far-dot-circle\" viewBox=\"0 0 512 512\" xmlns=\"http:\/\/www.w3.org\/2000\/svg\"><path d=\"M256 56c110.532 0 200 89.451 200 200 0 110.532-89.451 200-200 200-110.532 0-200-89.451-200-200 0-110.532 89.451-200 200-200m0-48C119.033 8 8 119.033 8 256s111.033 248 248 248 248-111.033 248-248S392.967 8 256 8zm0 168c-44.183 0-80 35.817-80 80s35.817 80 80 80 80-35.817 80-80-35.817-80-80-80z\"><\/path><\/svg>\t\t\t\t\t\t<\/span>\n\t\t\t\t\t\t\t\t\t\t<span class=\"elementor-icon-list-text\">D\u00fc\u015fme, sars\u0131nt\u0131 ve di\u011fer stres testleri.<\/span>\n\t\t\t\t\t\t\t\t\t<\/li>\n\t\t\t\t\t\t\t\t<li class=\"elementor-icon-list-item\">\n\t\t\t\t\t\t\t\t\t\t\t<span class=\"elementor-icon-list-icon\">\n\t\t\t\t\t\t\t<svg aria-hidden=\"true\" class=\"e-font-icon-svg e-far-dot-circle\" viewBox=\"0 0 512 512\" xmlns=\"http:\/\/www.w3.org\/2000\/svg\"><path d=\"M256 56c110.532 0 200 89.451 200 200 0 110.532-89.451 200-200 200-110.532 0-200-89.451-200-200 0-110.532 89.451-200 200-200m0-48C119.033 8 8 119.033 8 256s111.033 248 248 248 248-111.033 248-248S392.967 8 256 8zm0 168c-44.183 0-80 35.817-80 80s35.817 80 80 80 80-35.817 80-80-35.817-80-80-80z\"><\/path><\/svg>\t\t\t\t\t\t<\/span>\n\t\t\t\t\t\t\t\t\t\t<span class=\"elementor-icon-list-text\">UV Bozulmas\u0131<\/span>\n\t\t\t\t\t\t\t\t\t<\/li>\n\t\t\t\t\t\t<\/ul>\n\t\t\t\t<\/div>\n\t\t\t\t<\/div>\n\t\t\t\t\t<\/div>\n\t\t<\/div>\n\t\t\t\t<div class=\"elementor-column elementor-col-50 elementor-top-column elementor-element elementor-element-2cc8d3d\" data-id=\"2cc8d3d\" data-element_type=\"column\">\n\t\t\t<div class=\"elementor-widget-wrap elementor-element-populated\">\n\t\t\t\t\t\t<div class=\"elementor-element elementor-element-7786d73 elementor-invisible elementor-widget elementor-widget-image\" data-id=\"7786d73\" data-element_type=\"widget\" data-settings=\"{&quot;_animation&quot;:&quot;fadeIn&quot;,&quot;_animation_delay&quot;:600}\" data-widget_type=\"image.default\">\n\t\t\t\t<div class=\"elementor-widget-container\">\n\t\t\t\t\t\t\t\t\t\t\t\t\t<img decoding=\"async\" width=\"300\" height=\"300\" src=\"https:\/\/denizpacking.com\/tr\/wp-content\/uploads\/sites\/2\/2023\/12\/quality-key-300x300.png\" class=\"attachment-medium size-medium wp-image-3881\" alt=\"\" srcset=\"https:\/\/denizpacking.com\/tr\/wp-content\/uploads\/sites\/2\/2023\/12\/quality-key-300x300.png 300w, https:\/\/denizpacking.com\/tr\/wp-content\/uploads\/sites\/2\/2023\/12\/quality-key-150x150.png 150w, https:\/\/denizpacking.com\/tr\/wp-content\/uploads\/sites\/2\/2023\/12\/quality-key-768x768.png 768w, https:\/\/denizpacking.com\/tr\/wp-content\/uploads\/sites\/2\/2023\/12\/quality-key.png 1000w\" sizes=\"(max-width: 300px) 100vw, 300px\" \/>\t\t\t\t\t\t\t\t\t\t\t\t\t<\/div>\n\t\t\t\t<\/div>\n\t\t\t\t\t<\/div>\n\t\t<\/div>\n\t\t\t\t\t<\/div>\n\t\t<\/section>\n\t\t\t\t<\/div>\n\t\t","protected":false},"excerpt":{"rendered":"<p>Kalite Home Kalite Kalite Denizpacking \u00fcr\u00fcnleri uluslararas\u0131 standartlara uygun olarak gran\u00fclden nihai \u00fcr\u00fcne kadar titizlikle kalite kontrol\u00fcnden ge\u00e7irilmektedir. Tesislerimiz ISO 9001:2000 kalite y\u00f6netim sistemine akredite edilmi\u015ftir. T\u00fcm \u00fcr\u00fcnlerimiz, dayan\u0131kl\u0131l\u0131\u011f\u0131 ve t\u00fcketicilerin g\u00fcvenli\u011fini garanti etmek i\u00e7in \u00e7e\u015fitli testlere tabi tutulmaktad\u0131r. Denizpacking&#8217;in t\u00fcm g\u0131da \u00fcretim tesisleri, \u00fcr\u00fcnlerimizin ola\u011fan\u00fcst\u00fc hijyen standartlar\u0131n\u0131 kar\u015f\u0131lad\u0131\u011f\u0131ndan emin olmak i\u00e7in HACCP (Tehlike Analizi [&hellip;]<\/p>\n","protected":false},"author":1,"featured_media":0,"parent":0,"menu_order":0,"comment_status":"closed","ping_status":"closed","template":"page-templates\/home-2.php","meta":{"footnotes":""},"class_list":["post-3704","page","type-page","status-publish","hentry"],"aioseo_notices":[],"_links":{"self":[{"href":"https:\/\/denizpacking.com\/tr\/wp-json\/wp\/v2\/pages\/3704"}],"collection":[{"href":"https:\/\/denizpacking.com\/tr\/wp-json\/wp\/v2\/pages"}],"about":[{"href":"https:\/\/denizpacking.com\/tr\/wp-json\/wp\/v2\/types\/page"}],"author":[{"embeddable":true,"href":"https:\/\/denizpacking.com\/tr\/wp-json\/wp\/v2\/users\/1"}],"replies":[{"embeddable":true,"href":"https:\/\/denizpacking.com\/tr\/wp-json\/wp\/v2\/comments?post=3704"}],"version-history":[{"count":4,"href":"https:\/\/denizpacking.com\/tr\/wp-json\/wp\/v2\/pages\/3704\/revisions"}],"predecessor-version":[{"id":4338,"href":"https:\/\/denizpacking.com\/tr\/wp-json\/wp\/v2\/pages\/3704\/revisions\/4338"}],"wp:attachment":[{"href":"https:\/\/denizpacking.com\/tr\/wp-json\/wp\/v2\/media?parent=3704"}],"curies":[{"name":"wp","href":"https:\/\/api.w.org\/{rel}","templated":true}]}}